{"id":3,"date":"2025-09-20T19:04:31","date_gmt":"2025-09-20T19:04:31","guid":{"rendered":"https:\/\/femexcaballobailador.com\/?page_id=3"},"modified":"2025-09-25T09:54:27","modified_gmt":"2025-09-25T15:54:27","slug":"politica-privacidad","status":"publish","type":"page","link":"https:\/\/femexcaballobailador.com\/index.php\/politica-privacidad\/","title":{"rendered":"Aviso de Privacidad"},"content":{"rendered":"\t\t<div data-elementor-type=\"wp-page\" data-elementor-id=\"3\" class=\"elementor elementor-3\" data-elementor-post-type=\"page\">\n\t\t\t\t<div class=\"elementor-element elementor-element-49837b7 e-flex e-con-boxed e-con e-parent\" data-id=\"49837b7\" data-element_type=\"container\" data-settings=\"{&quot;jet_parallax_layout_list&quot;:[]}\">\n\t\t\t\t\t<div class=\"e-con-inner\">\n\t\t<div class=\"elementor-element elementor-element-b8b2ad2 e-con-full e-flex e-con e-child\" data-id=\"b8b2ad2\" data-element_type=\"container\" data-settings=\"{&quot;jet_parallax_layout_list&quot;:[]}\">\n\t\t\t\t<div class=\"elementor-element elementor-element-341a7d1 elementor-widget elementor-widget-heading\" data-id=\"341a7d1\" data-element_type=\"widget\" data-widget_type=\"heading.default\">\n\t\t\t\t\t<h1 class=\"elementor-heading-title elementor-size-default\">AVISO DE PRIVACIDAD<\/h1>\t\t\t\t<\/div>\n\t\t\t\t<\/div>\n\t\t<div class=\"elementor-element elementor-element-cf0be62 e-con-full e-flex e-con e-child\" data-id=\"cf0be62\" data-element_type=\"container\" data-settings=\"{&quot;jet_parallax_layout_list&quot;:[]}\">\n\t\t\t\t<div class=\"elementor-element elementor-element-a7f11fa elementor-widget-divider--view-line elementor-widget elementor-widget-divider\" data-id=\"a7f11fa\" data-element_type=\"widget\" data-widget_type=\"divider.default\">\n\t\t\t\t\t\t\t<div class=\"elementor-divider\">\n\t\t\t<span class=\"elementor-divider-separator\">\n\t\t\t\t\t\t<\/span>\n\t\t<\/div>\n\t\t\t\t\t\t<\/div>\n\t\t\t\t<\/div>\n\t\t\t\t\t<\/div>\n\t\t\t\t<\/div>\n\t\t<div class=\"elementor-element elementor-element-425341e e-flex e-con-boxed e-con e-parent\" data-id=\"425341e\" data-element_type=\"container\" data-settings=\"{&quot;jet_parallax_layout_list&quot;:[]}\">\n\t\t\t\t\t<div class=\"e-con-inner\">\n\t\t\t\t<div class=\"elementor-element elementor-element-60c6b45 elementor-widget elementor-widget-text-editor\" data-id=\"60c6b45\" data-element_type=\"widget\" data-widget_type=\"text-editor.default\">\n\t\t\t\t\t\t\t\t\t<p>La <strong>Federaci\u00f3n Mexicana del Caballo Bailador (FMCB)<\/strong>, con domicilio en Carr. Chapala 4451, El Tapat\u00edo, San Pedro Tlaquepaque, es responsable del tratamiento de los datos personales que usted proporcione a trav\u00e9s de este sitio web.<\/p><p><strong>Datos que recabamos<\/strong><br \/>Nombre, correo electr\u00f3nico, tel\u00e9fono y cualquier informaci\u00f3n que usted env\u00ede voluntariamente a trav\u00e9s de formularios de contacto o suscripci\u00f3n.<\/p><p><strong>Finalidad del uso<\/strong><br \/>Utilizamos sus datos para responder consultas, enviar informaci\u00f3n sobre concursos, resultados, eventos, patrocinios y comunicaciones relacionadas con nuestras actividades.<\/p><p><strong>Transferencia de datos<\/strong><br \/>No compartimos sus datos personales con terceros, salvo que sea requerido por autoridad competente o por mandato legal.<\/p><p><strong>Derechos ARCO<\/strong><br \/>Usted puede acceder, rectificar, cancelar u oponerse al uso de sus datos enviando un correo a <strong>contacto@femexcaballobailador.com<\/strong>.<\/p><p><strong>Medidas de seguridad<\/strong><br \/>Implementamos medidas t\u00e9cnicas y administrativas para proteger su informaci\u00f3n contra p\u00e9rdida, uso indebido o acceso no autorizado.<\/p><p><strong>Uso de cookies<\/strong><br \/>Este sitio utiliza cookies propias y de terceros para mejorar la navegaci\u00f3n, analizar el tr\u00e1fico y ofrecer contenidos relevantes. Al continuar navegando, usted acepta el uso de estas cookies. Puede configurar o rechazar las cookies desde su navegador en cualquier momento.<\/p><p>El uso de este sitio implica su aceptaci\u00f3n de este Aviso de Privacidad, el cual puede actualizarse en cualquier momento. Las modificaciones se publicar\u00e1n en esta misma p\u00e1gina.<\/p>\t\t\t\t\t\t\t\t<\/div>\n\t\t\t\t\t<\/div>\n\t\t\t\t<\/div>\n\t\t\t\t<\/div>\n\t\t","protected":false},"excerpt":{"rendered":"<p>AVISO DE PRIVACIDAD La Federaci\u00f3n Mexicana del Caballo Bailador (FMCB), con domicilio en Carr. Chapala 4451, El Tapat\u00edo, San Pedro Tlaquepaque, es responsable del tratamiento de los datos personales que [&hellip;]<\/p>\n","protected":false},"author":1,"featured_media":0,"parent":0,"menu_order":0,"comment_status":"closed","ping_status":"open","template":"elementor_header_footer","meta":{"_joinchat":[],"footnotes":""},"class_list":["post-3","page","type-page","status-publish","hentry"],"yoast_head":"<!-- This site is optimized with the Yoast SEO plugin v26.3 - https:\/\/yoast.com\/wordpress\/plugins\/seo\/ -->\n<title>Aviso de Privacidad - Federaci\u00f3n Mexicana del Caballo Bailador<\/title>\n<meta name=\"robots\" content=\"index, follow, max-snippet:-1, max-image-preview:large, max-video-preview:-1\" \/>\n<link rel=\"canonical\" href=\"https:\/\/femexcaballobailador.com\/index.php\/politica-privacidad\/\" \/>\n<meta property=\"og:locale\" content=\"es_MX\" \/>\n<meta property=\"og:type\" content=\"article\" \/>\n<meta property=\"og:title\" content=\"Aviso de Privacidad - Federaci\u00f3n Mexicana del Caballo Bailador\" \/>\n<meta property=\"og:description\" content=\"AVISO DE PRIVACIDAD La Federaci\u00f3n Mexicana del Caballo Bailador (FMCB), con domicilio en Carr. Chapala 4451, El Tapat\u00edo, San Pedro Tlaquepaque, es responsable del tratamiento de los datos personales que [&hellip;]\" \/>\n<meta property=\"og:url\" content=\"https:\/\/femexcaballobailador.com\/index.php\/politica-privacidad\/\" \/>\n<meta property=\"og:site_name\" content=\"Federaci\u00f3n Mexicana del Caballo Bailador\" \/>\n<meta property=\"article:modified_time\" content=\"2025-09-25T15:54:27+00:00\" \/>\n<meta name=\"twitter:card\" content=\"summary_large_image\" \/>\n<meta name=\"twitter:label1\" content=\"Tiempo de lectura\" \/>\n\t<meta name=\"twitter:data1\" content=\"1 minuto\" \/>\n<script type=\"application\/ld+json\" class=\"yoast-schema-graph\">{\"@context\":\"https:\/\/schema.org\",\"@graph\":[{\"@type\":\"WebPage\",\"@id\":\"https:\/\/femexcaballobailador.com\/index.php\/politica-privacidad\/\",\"url\":\"https:\/\/femexcaballobailador.com\/index.php\/politica-privacidad\/\",\"name\":\"Aviso de Privacidad - Federaci\u00f3n Mexicana del Caballo Bailador\",\"isPartOf\":{\"@id\":\"https:\/\/femexcaballobailador.com\/#website\"},\"datePublished\":\"2025-09-20T19:04:31+00:00\",\"dateModified\":\"2025-09-25T15:54:27+00:00\",\"breadcrumb\":{\"@id\":\"https:\/\/femexcaballobailador.com\/index.php\/politica-privacidad\/#breadcrumb\"},\"inLanguage\":\"es\",\"potentialAction\":[{\"@type\":\"ReadAction\",\"target\":[\"https:\/\/femexcaballobailador.com\/index.php\/politica-privacidad\/\"]}]},{\"@type\":\"BreadcrumbList\",\"@id\":\"https:\/\/femexcaballobailador.com\/index.php\/politica-privacidad\/#breadcrumb\",\"itemListElement\":[{\"@type\":\"ListItem\",\"position\":1,\"name\":\"Inicio\",\"item\":\"https:\/\/femexcaballobailador.com\/\"},{\"@type\":\"ListItem\",\"position\":2,\"name\":\"Aviso de Privacidad\"}]},{\"@type\":\"WebSite\",\"@id\":\"https:\/\/femexcaballobailador.com\/#website\",\"url\":\"https:\/\/femexcaballobailador.com\/\",\"name\":\"Federaci\u00f3n Mexicana del Caballo Bailador\",\"description\":\"\",\"publisher\":{\"@id\":\"https:\/\/femexcaballobailador.com\/#organization\"},\"potentialAction\":[{\"@type\":\"SearchAction\",\"target\":{\"@type\":\"EntryPoint\",\"urlTemplate\":\"https:\/\/femexcaballobailador.com\/?s={search_term_string}\"},\"query-input\":{\"@type\":\"PropertyValueSpecification\",\"valueRequired\":true,\"valueName\":\"search_term_string\"}}],\"inLanguage\":\"es\"},{\"@type\":\"Organization\",\"@id\":\"https:\/\/femexcaballobailador.com\/#organization\",\"name\":\"Federaci\u00f3n Mexicana del Caballo Bailador\",\"url\":\"https:\/\/femexcaballobailador.com\/\",\"logo\":{\"@type\":\"ImageObject\",\"inLanguage\":\"es\",\"@id\":\"https:\/\/femexcaballobailador.com\/#\/schema\/logo\/image\/\",\"url\":\"https:\/\/femexcaballobailador.com\/wp-content\/uploads\/2025\/09\/logo-FMCB.png\",\"contentUrl\":\"https:\/\/femexcaballobailador.com\/wp-content\/uploads\/2025\/09\/logo-FMCB.png\",\"width\":678,\"height\":720,\"caption\":\"Federaci\u00f3n Mexicana del Caballo Bailador\"},\"image\":{\"@id\":\"https:\/\/femexcaballobailador.com\/#\/schema\/logo\/image\/\"}}]}<\/script>\n<!-- \/ Yoast SEO plugin. -->","yoast_head_json":{"title":"Aviso de Privacidad - Federaci\u00f3n Mexicana del Caballo Bailador","robots":{"index":"index","follow":"follow","max-snippet":"max-snippet:-1","max-image-preview":"max-image-preview:large","max-video-preview":"max-video-preview:-1"},"canonical":"https:\/\/femexcaballobailador.com\/index.php\/politica-privacidad\/","og_locale":"es_MX","og_type":"article","og_title":"Aviso de Privacidad - Federaci\u00f3n Mexicana del Caballo Bailador","og_description":"AVISO DE PRIVACIDAD La Federaci\u00f3n Mexicana del Caballo Bailador (FMCB), con domicilio en Carr. Chapala 4451, El Tapat\u00edo, San Pedro Tlaquepaque, es responsable del tratamiento de los datos personales que [&hellip;]","og_url":"https:\/\/femexcaballobailador.com\/index.php\/politica-privacidad\/","og_site_name":"Federaci\u00f3n Mexicana del Caballo Bailador","article_modified_time":"2025-09-25T15:54:27+00:00","twitter_card":"summary_large_image","twitter_misc":{"Tiempo de lectura":"1 minuto"},"schema":{"@context":"https:\/\/schema.org","@graph":[{"@type":"WebPage","@id":"https:\/\/femexcaballobailador.com\/index.php\/politica-privacidad\/","url":"https:\/\/femexcaballobailador.com\/index.php\/politica-privacidad\/","name":"Aviso de Privacidad - Federaci\u00f3n Mexicana del Caballo Bailador","isPartOf":{"@id":"https:\/\/femexcaballobailador.com\/#website"},"datePublished":"2025-09-20T19:04:31+00:00","dateModified":"2025-09-25T15:54:27+00:00","breadcrumb":{"@id":"https:\/\/femexcaballobailador.com\/index.php\/politica-privacidad\/#breadcrumb"},"inLanguage":"es","potentialAction":[{"@type":"ReadAction","target":["https:\/\/femexcaballobailador.com\/index.php\/politica-privacidad\/"]}]},{"@type":"BreadcrumbList","@id":"https:\/\/femexcaballobailador.com\/index.php\/politica-privacidad\/#breadcrumb","itemListElement":[{"@type":"ListItem","position":1,"name":"Inicio","item":"https:\/\/femexcaballobailador.com\/"},{"@type":"ListItem","position":2,"name":"Aviso de Privacidad"}]},{"@type":"WebSite","@id":"https:\/\/femexcaballobailador.com\/#website","url":"https:\/\/femexcaballobailador.com\/","name":"Federaci\u00f3n Mexicana del Caballo Bailador","description":"","publisher":{"@id":"https:\/\/femexcaballobailador.com\/#organization"},"potentialAction":[{"@type":"SearchAction","target":{"@type":"EntryPoint","urlTemplate":"https:\/\/femexcaballobailador.com\/?s={search_term_string}"},"query-input":{"@type":"PropertyValueSpecification","valueRequired":true,"valueName":"search_term_string"}}],"inLanguage":"es"},{"@type":"Organization","@id":"https:\/\/femexcaballobailador.com\/#organization","name":"Federaci\u00f3n Mexicana del Caballo Bailador","url":"https:\/\/femexcaballobailador.com\/","logo":{"@type":"ImageObject","inLanguage":"es","@id":"https:\/\/femexcaballobailador.com\/#\/schema\/logo\/image\/","url":"https:\/\/femexcaballobailador.com\/wp-content\/uploads\/2025\/09\/logo-FMCB.png","contentUrl":"https:\/\/femexcaballobailador.com\/wp-content\/uploads\/2025\/09\/logo-FMCB.png","width":678,"height":720,"caption":"Federaci\u00f3n Mexicana del Caballo Bailador"},"image":{"@id":"https:\/\/femexcaballobailador.com\/#\/schema\/logo\/image\/"}}]}},"_links":{"self":[{"href":"https:\/\/femexcaballobailador.com\/index.php\/wp-json\/wp\/v2\/pages\/3","targetHints":{"allow":["GET"]}}],"collection":[{"href":"https:\/\/femexcaballobailador.com\/index.php\/wp-json\/wp\/v2\/pages"}],"about":[{"href":"https:\/\/femexcaballobailador.com\/index.php\/wp-json\/wp\/v2\/types\/page"}],"author":[{"embeddable":true,"href":"https:\/\/femexcaballobailador.com\/index.php\/wp-json\/wp\/v2\/users\/1"}],"replies":[{"embeddable":true,"href":"https:\/\/femexcaballobailador.com\/index.php\/wp-json\/wp\/v2\/comments?post=3"}],"version-history":[{"count":10,"href":"https:\/\/femexcaballobailador.com\/index.php\/wp-json\/wp\/v2\/pages\/3\/revisions"}],"predecessor-version":[{"id":316,"href":"https:\/\/femexcaballobailador.com\/index.php\/wp-json\/wp\/v2\/pages\/3\/revisions\/316"}],"wp:attachment":[{"href":"https:\/\/femexcaballobailador.com\/index.php\/wp-json\/wp\/v2\/media?parent=3"}],"curies":[{"name":"wp","href":"https:\/\/api.w.org\/{rel}","templated":true}]}}