{"id":226,"date":"2025-09-24T10:38:38","date_gmt":"2025-09-24T16:38:38","guid":{"rendered":"https:\/\/femexcaballobailador.com\/?page_id=226"},"modified":"2025-10-15T16:41:40","modified_gmt":"2025-10-15T22:41:40","slug":"patrocinadores","status":"publish","type":"page","link":"https:\/\/femexcaballobailador.com\/index.php\/patrocinadores\/","title":{"rendered":"Patrocinadores"},"content":{"rendered":"\t\t<div data-elementor-type=\"wp-page\" data-elementor-id=\"226\" class=\"elementor elementor-226\" data-elementor-post-type=\"page\">\n\t\t\t\t<div class=\"elementor-element elementor-element-748416b e-flex e-con-boxed e-con e-parent\" data-id=\"748416b\" data-element_type=\"container\" data-settings=\"{&quot;jet_parallax_layout_list&quot;:[],&quot;background_background&quot;:&quot;classic&quot;}\">\n\t\t\t\t\t<div class=\"e-con-inner\">\n\t\t\t\t<div class=\"elementor-element elementor-element-5571807c elementor-widget elementor-widget-heading\" data-id=\"5571807c\" data-element_type=\"widget\" data-widget_type=\"heading.default\">\n\t\t\t\t\t<h1 class=\"elementor-heading-title elementor-size-default\">patrocinadores<\/h1>\t\t\t\t<\/div>\n\t\t\t\t\t<\/div>\n\t\t\t\t<\/div>\n\t\t<div class=\"elementor-element elementor-element-4c11089 e-flex e-con-boxed e-con e-parent\" data-id=\"4c11089\" data-element_type=\"container\" data-settings=\"{&quot;jet_parallax_layout_list&quot;:[]}\">\n\t\t\t\t\t<div class=\"e-con-inner\">\n\t\t<div class=\"elementor-element elementor-element-5ad51e5 e-con-full e-flex e-con e-child\" data-id=\"5ad51e5\" data-element_type=\"container\" data-settings=\"{&quot;jet_parallax_layout_list&quot;:[]}\">\n\t\t\t\t<div class=\"elementor-element elementor-element-18ba32f elementor-invisible elementor-widget elementor-widget-image\" data-id=\"18ba32f\" data-element_type=\"widget\" data-settings=\"{&quot;_animation&quot;:&quot;slideInLeft&quot;,&quot;_animation_delay&quot;:200}\" data-widget_type=\"image.default\">\n\t\t\t\t\t\t\t\t\t\t\t\t\t\t\t<img fetchpriority=\"high\" decoding=\"async\" width=\"1920\" height=\"1912\" src=\"https:\/\/femexcaballobailador.com\/wp-content\/uploads\/2025\/09\/img-patrocinadores-FMCB1-min.png\" class=\"attachment-full size-full wp-image-231\" alt=\"\" srcset=\"https:\/\/femexcaballobailador.com\/wp-content\/uploads\/2025\/09\/img-patrocinadores-FMCB1-min.png 1920w, https:\/\/femexcaballobailador.com\/wp-content\/uploads\/2025\/09\/img-patrocinadores-FMCB1-min-300x300.png 300w, https:\/\/femexcaballobailador.com\/wp-content\/uploads\/2025\/09\/img-patrocinadores-FMCB1-min-1024x1020.png 1024w, https:\/\/femexcaballobailador.com\/wp-content\/uploads\/2025\/09\/img-patrocinadores-FMCB1-min-150x150.png 150w, https:\/\/femexcaballobailador.com\/wp-content\/uploads\/2025\/09\/img-patrocinadores-FMCB1-min-768x765.png 768w, https:\/\/femexcaballobailador.com\/wp-content\/uploads\/2025\/09\/img-patrocinadores-FMCB1-min-1536x1530.png 1536w\" sizes=\"(max-width: 1920px) 100vw, 1920px\" \/>\t\t\t\t\t\t\t\t\t\t\t\t\t\t\t<\/div>\n\t\t\t\t<\/div>\n\t\t<div class=\"elementor-element elementor-element-f20393c e-con-full e-flex e-con e-child\" data-id=\"f20393c\" data-element_type=\"container\" data-settings=\"{&quot;jet_parallax_layout_list&quot;:[]}\">\n\t\t\t\t<div class=\"elementor-element elementor-element-f83fa02 elementor-widget elementor-widget-heading\" data-id=\"f83fa02\" data-element_type=\"widget\" data-widget_type=\"heading.default\">\n\t\t\t\t\t<h2 class=\"elementor-heading-title elementor-size-default\">Impulsa la tradici\u00f3n del Caballo Bailador junto a nosotros<\/h2>\t\t\t\t<\/div>\n\t\t\t\t<div class=\"elementor-element elementor-element-4c8221c elementor-widget elementor-widget-text-editor\" data-id=\"4c8221c\" data-element_type=\"widget\" data-widget_type=\"text-editor.default\">\n\t\t\t\t\t\t\t\t\t<p>La <span style=\"color: #643c24;\"><strong>Federaci\u00f3n Mexicana del Caballo Bailador<\/strong><\/span> abre sus puertas a empresas, ganader\u00edas y marcas que compartan nuestra pasi\u00f3n por preservar y promover esta disciplina \u00fanica de M\u00e9xico. Ser patrocinador de nuestra Federaci\u00f3n no solo significa apoyar la tradici\u00f3n ecuestre, sino tambi\u00e9n obtener visibilidad y reconocimiento dentro de una comunidad activa de jinetes, criadores, aficionados y p\u00fablico general.<\/p>\t\t\t\t\t\t\t\t<\/div>\n\t\t\t\t<\/div>\n\t\t\t\t\t<\/div>\n\t\t\t\t<\/div>\n\t\t<div class=\"elementor-element elementor-element-ecee140 e-flex e-con-boxed e-con e-parent\" data-id=\"ecee140\" data-element_type=\"container\" data-settings=\"{&quot;background_background&quot;:&quot;classic&quot;,&quot;jet_parallax_layout_list&quot;:[]}\">\n\t\t\t\t\t<div class=\"e-con-inner\">\n\t\t<div class=\"elementor-element elementor-element-d4eea58 e-con-full e-flex e-con e-child\" data-id=\"d4eea58\" data-element_type=\"container\" data-settings=\"{&quot;jet_parallax_layout_list&quot;:[]}\">\n\t\t\t\t<div class=\"elementor-element elementor-element-f785cc4 elementor-widget elementor-widget-heading\" data-id=\"f785cc4\" data-element_type=\"widget\" data-widget_type=\"heading.default\">\n\t\t\t\t\t<h2 class=\"elementor-heading-title elementor-size-default\">Tipos de patrocinio<\/h2>\t\t\t\t<\/div>\n\t\t\t\t<div class=\"elementor-element elementor-element-49d6c2d elementor-widget elementor-widget-text-editor\" data-id=\"49d6c2d\" data-element_type=\"widget\" data-widget_type=\"text-editor.default\">\n\t\t\t\t\t\t\t\t\t<p>Ofrecemos diversas modalidades de participaci\u00f3n, adaptables a los objetivos de cada empresa o ganader\u00eda:<\/p><ul><li><span style=\"color: #643c24;\"><strong>Patrocinio oficial<\/strong>:<\/span> marca destacada en todos los concursos y eventos nacionales.<\/li><li><span style=\"color: #643c24;\"><strong>Apoyo a categor\u00edas o premios espec\u00edficos<\/strong>:<\/span> visibilidad directa durante la premiaci\u00f3n de jinetes y caballos.<\/li><li><span style=\"color: #643c24;\"><strong>Colaboraci\u00f3n estrat\u00e9gica<\/strong>:<\/span> participaci\u00f3n en talleres, conferencias y campa\u00f1as de promoci\u00f3n de la disciplina.<\/li><\/ul><p>\u00a0<\/p><p>Cada opci\u00f3n garantiza que tu marca destaque y se asocie con tradici\u00f3n, deporte y comunidad.<\/p>\t\t\t\t\t\t\t\t<\/div>\n\t\t\t\t<\/div>\n\t\t<div class=\"elementor-element elementor-element-12b47cc e-con-full e-flex e-con e-child\" data-id=\"12b47cc\" data-element_type=\"container\" data-settings=\"{&quot;jet_parallax_layout_list&quot;:[]}\">\n\t\t\t\t<div class=\"elementor-element elementor-element-016d71f elementor-invisible elementor-widget elementor-widget-image\" data-id=\"016d71f\" data-element_type=\"widget\" data-settings=\"{&quot;_animation&quot;:&quot;slideInRight&quot;,&quot;_animation_delay&quot;:200}\" data-widget_type=\"image.default\">\n\t\t\t\t\t\t\t\t\t\t\t\t\t\t\t<img decoding=\"async\" width=\"1726\" height=\"1910\" src=\"https:\/\/femexcaballobailador.com\/wp-content\/uploads\/2025\/09\/img-patrocinadores-FMCB2.png\" class=\"attachment-full size-full wp-image-348\" alt=\"\" srcset=\"https:\/\/femexcaballobailador.com\/wp-content\/uploads\/2025\/09\/img-patrocinadores-FMCB2.png 1726w, https:\/\/femexcaballobailador.com\/wp-content\/uploads\/2025\/09\/img-patrocinadores-FMCB2-271x300.png 271w, https:\/\/femexcaballobailador.com\/wp-content\/uploads\/2025\/09\/img-patrocinadores-FMCB2-925x1024.png 925w, https:\/\/femexcaballobailador.com\/wp-content\/uploads\/2025\/09\/img-patrocinadores-FMCB2-768x850.png 768w, https:\/\/femexcaballobailador.com\/wp-content\/uploads\/2025\/09\/img-patrocinadores-FMCB2-1388x1536.png 1388w\" sizes=\"(max-width: 1726px) 100vw, 1726px\" \/>\t\t\t\t\t\t\t\t\t\t\t\t\t\t\t<\/div>\n\t\t\t\t<\/div>\n\t\t\t\t\t<\/div>\n\t\t\t\t<\/div>\n\t\t<div class=\"elementor-element elementor-element-610919e e-flex e-con-boxed e-con e-parent\" data-id=\"610919e\" data-element_type=\"container\" data-settings=\"{&quot;background_background&quot;:&quot;classic&quot;,&quot;jet_parallax_layout_list&quot;:[]}\">\n\t\t\t\t\t<div class=\"e-con-inner\">\n\t\t<div class=\"elementor-element elementor-element-2b0e3fa e-con-full e-flex e-con e-child\" data-id=\"2b0e3fa\" data-element_type=\"container\" data-settings=\"{&quot;jet_parallax_layout_list&quot;:[]}\">\n\t\t\t\t<div class=\"elementor-element elementor-element-6e88eea elementor-widget elementor-widget-text-editor\" data-id=\"6e88eea\" data-element_type=\"widget\" data-widget_type=\"text-editor.default\">\n\t\t\t\t\t\t\t\t\t<p>Si est\u00e1s interesado en formar parte de la familia de patrocinadores de la Federaci\u00f3n, <strong>ponte en contacto con nuestro equipo<\/strong>.<\/p>\t\t\t\t\t\t\t\t<\/div>\n\t\t\t\t<\/div>\n\t\t<div class=\"elementor-element elementor-element-9a55420 e-con-full e-flex e-con e-child\" data-id=\"9a55420\" data-element_type=\"container\" data-settings=\"{&quot;jet_parallax_layout_list&quot;:[]}\">\n\t\t\t\t<div class=\"elementor-element elementor-element-564e06f elementor-align-justify elementor-invisible elementor-widget elementor-widget-button\" data-id=\"564e06f\" data-element_type=\"widget\" data-settings=\"{&quot;_animation&quot;:&quot;bounceIn&quot;,&quot;_animation_delay&quot;:200}\" data-widget_type=\"button.default\">\n\t\t\t\t\t\t\t\t\t\t<a class=\"elementor-button elementor-button-link elementor-size-sm elementor-animation-grow\" href=\"https:\/\/femexcaballobailador.com\/index.php\/contacto\/\">\n\t\t\t\t\t\t<span class=\"elementor-button-content-wrapper\">\n\t\t\t\t\t\t<span class=\"elementor-button-icon\">\n\t\t\t\t<svg aria-hidden=\"true\" class=\"e-font-icon-svg e-fas-envelope\" viewBox=\"0 0 512 512\" xmlns=\"http:\/\/www.w3.org\/2000\/svg\"><path d=\"M502.3 190.8c3.9-3.1 9.7-.2 9.7 4.7V400c0 26.5-21.5 48-48 48H48c-26.5 0-48-21.5-48-48V195.6c0-5 5.7-7.8 9.7-4.7 22.4 17.4 52.1 39.5 154.1 113.6 21.1 15.4 56.7 47.8 92.2 47.6 35.7.3 72-32.8 92.3-47.6 102-74.1 131.6-96.3 154-113.7zM256 320c23.2.4 56.6-29.2 73.4-41.4 132.7-96.3 142.8-104.7 173.4-128.7 5.8-4.5 9.2-11.5 9.2-18.9v-19c0-26.5-21.5-48-48-48H48C21.5 64 0 85.5 0 112v19c0 7.4 3.4 14.3 9.2 18.9 30.6 23.9 40.7 32.4 173.4 128.7 16.8 12.2 50.2 41.8 73.4 41.4z\"><\/path><\/svg>\t\t\t<\/span>\n\t\t\t\t\t\t\t\t\t<span class=\"elementor-button-text\">Cont\u00e1ctanos<\/span>\n\t\t\t\t\t<\/span>\n\t\t\t\t\t<\/a>\n\t\t\t\t\t\t\t\t<\/div>\n\t\t\t\t<\/div>\n\t\t\t\t\t<\/div>\n\t\t\t\t<\/div>\n\t\t\t\t<\/div>\n\t\t","protected":false},"excerpt":{"rendered":"<p>patrocinadores Impulsa la tradici\u00f3n del Caballo Bailador junto a nosotros La Federaci\u00f3n Mexicana del Caballo Bailador abre sus puertas a empresas, ganader\u00edas y marcas que compartan nuestra pasi\u00f3n por preservar [&hellip;]<\/p>\n","protected":false},"author":1,"featured_media":0,"parent":0,"menu_order":0,"comment_status":"closed","ping_status":"closed","template":"elementor_header_footer","meta":{"_joinchat":[],"footnotes":""},"class_list":["post-226","page","type-page","status-publish","hentry"],"yoast_head":"<!-- This site is optimized with the Yoast SEO plugin v26.3 - https:\/\/yoast.com\/wordpress\/plugins\/seo\/ -->\n<title>Patrocinadores - Federaci\u00f3n Mexicana del Caballo Bailador<\/title>\n<meta name=\"robots\" content=\"index, follow, max-snippet:-1, max-image-preview:large, max-video-preview:-1\" \/>\n<link rel=\"canonical\" href=\"https:\/\/femexcaballobailador.com\/index.php\/patrocinadores\/\" \/>\n<meta property=\"og:locale\" content=\"es_MX\" \/>\n<meta property=\"og:type\" content=\"article\" \/>\n<meta property=\"og:title\" content=\"Patrocinadores - Federaci\u00f3n Mexicana del Caballo Bailador\" \/>\n<meta property=\"og:description\" content=\"patrocinadores Impulsa la tradici\u00f3n del Caballo Bailador junto a nosotros La Federaci\u00f3n Mexicana del Caballo Bailador abre sus puertas a empresas, ganader\u00edas y marcas que compartan nuestra pasi\u00f3n por preservar [&hellip;]\" \/>\n<meta property=\"og:url\" content=\"https:\/\/femexcaballobailador.com\/index.php\/patrocinadores\/\" \/>\n<meta property=\"og:site_name\" content=\"Federaci\u00f3n Mexicana del Caballo Bailador\" \/>\n<meta property=\"article:modified_time\" content=\"2025-10-15T22:41:40+00:00\" \/>\n<meta property=\"og:image\" content=\"https:\/\/femexcaballobailador.com\/wp-content\/uploads\/2025\/09\/img-patrocinadores-FMCB1-min.png\" \/>\n\t<meta property=\"og:image:width\" content=\"1920\" \/>\n\t<meta property=\"og:image:height\" content=\"1912\" \/>\n\t<meta property=\"og:image:type\" content=\"image\/png\" \/>\n<meta name=\"twitter:card\" content=\"summary_large_image\" \/>\n<meta name=\"twitter:label1\" content=\"Tiempo de lectura\" \/>\n\t<meta name=\"twitter:data1\" content=\"1 minuto\" \/>\n<script type=\"application\/ld+json\" class=\"yoast-schema-graph\">{\"@context\":\"https:\/\/schema.org\",\"@graph\":[{\"@type\":\"WebPage\",\"@id\":\"https:\/\/femexcaballobailador.com\/index.php\/patrocinadores\/\",\"url\":\"https:\/\/femexcaballobailador.com\/index.php\/patrocinadores\/\",\"name\":\"Patrocinadores - Federaci\u00f3n Mexicana del Caballo Bailador\",\"isPartOf\":{\"@id\":\"https:\/\/femexcaballobailador.com\/#website\"},\"primaryImageOfPage\":{\"@id\":\"https:\/\/femexcaballobailador.com\/index.php\/patrocinadores\/#primaryimage\"},\"image\":{\"@id\":\"https:\/\/femexcaballobailador.com\/index.php\/patrocinadores\/#primaryimage\"},\"thumbnailUrl\":\"https:\/\/femexcaballobailador.com\/wp-content\/uploads\/2025\/09\/img-patrocinadores-FMCB1-min.png\",\"datePublished\":\"2025-09-24T16:38:38+00:00\",\"dateModified\":\"2025-10-15T22:41:40+00:00\",\"breadcrumb\":{\"@id\":\"https:\/\/femexcaballobailador.com\/index.php\/patrocinadores\/#breadcrumb\"},\"inLanguage\":\"es\",\"potentialAction\":[{\"@type\":\"ReadAction\",\"target\":[\"https:\/\/femexcaballobailador.com\/index.php\/patrocinadores\/\"]}]},{\"@type\":\"ImageObject\",\"inLanguage\":\"es\",\"@id\":\"https:\/\/femexcaballobailador.com\/index.php\/patrocinadores\/#primaryimage\",\"url\":\"https:\/\/femexcaballobailador.com\/wp-content\/uploads\/2025\/09\/img-patrocinadores-FMCB1-min.png\",\"contentUrl\":\"https:\/\/femexcaballobailador.com\/wp-content\/uploads\/2025\/09\/img-patrocinadores-FMCB1-min.png\",\"width\":1920,\"height\":1912},{\"@type\":\"BreadcrumbList\",\"@id\":\"https:\/\/femexcaballobailador.com\/index.php\/patrocinadores\/#breadcrumb\",\"itemListElement\":[{\"@type\":\"ListItem\",\"position\":1,\"name\":\"Inicio\",\"item\":\"https:\/\/femexcaballobailador.com\/\"},{\"@type\":\"ListItem\",\"position\":2,\"name\":\"Patrocinadores\"}]},{\"@type\":\"WebSite\",\"@id\":\"https:\/\/femexcaballobailador.com\/#website\",\"url\":\"https:\/\/femexcaballobailador.com\/\",\"name\":\"Federaci\u00f3n Mexicana del Caballo Bailador\",\"description\":\"\",\"publisher\":{\"@id\":\"https:\/\/femexcaballobailador.com\/#organization\"},\"potentialAction\":[{\"@type\":\"SearchAction\",\"target\":{\"@type\":\"EntryPoint\",\"urlTemplate\":\"https:\/\/femexcaballobailador.com\/?s={search_term_string}\"},\"query-input\":{\"@type\":\"PropertyValueSpecification\",\"valueRequired\":true,\"valueName\":\"search_term_string\"}}],\"inLanguage\":\"es\"},{\"@type\":\"Organization\",\"@id\":\"https:\/\/femexcaballobailador.com\/#organization\",\"name\":\"Federaci\u00f3n Mexicana del Caballo Bailador\",\"url\":\"https:\/\/femexcaballobailador.com\/\",\"logo\":{\"@type\":\"ImageObject\",\"inLanguage\":\"es\",\"@id\":\"https:\/\/femexcaballobailador.com\/#\/schema\/logo\/image\/\",\"url\":\"https:\/\/femexcaballobailador.com\/wp-content\/uploads\/2025\/09\/logo-FMCB.png\",\"contentUrl\":\"https:\/\/femexcaballobailador.com\/wp-content\/uploads\/2025\/09\/logo-FMCB.png\",\"width\":678,\"height\":720,\"caption\":\"Federaci\u00f3n Mexicana del Caballo Bailador\"},\"image\":{\"@id\":\"https:\/\/femexcaballobailador.com\/#\/schema\/logo\/image\/\"}}]}<\/script>\n<!-- \/ Yoast SEO plugin. -->","yoast_head_json":{"title":"Patrocinadores - Federaci\u00f3n Mexicana del Caballo Bailador","robots":{"index":"index","follow":"follow","max-snippet":"max-snippet:-1","max-image-preview":"max-image-preview:large","max-video-preview":"max-video-preview:-1"},"canonical":"https:\/\/femexcaballobailador.com\/index.php\/patrocinadores\/","og_locale":"es_MX","og_type":"article","og_title":"Patrocinadores - Federaci\u00f3n Mexicana del Caballo Bailador","og_description":"patrocinadores Impulsa la tradici\u00f3n del Caballo Bailador junto a nosotros La Federaci\u00f3n Mexicana del Caballo Bailador abre sus puertas a empresas, ganader\u00edas y marcas que compartan nuestra pasi\u00f3n por preservar [&hellip;]","og_url":"https:\/\/femexcaballobailador.com\/index.php\/patrocinadores\/","og_site_name":"Federaci\u00f3n Mexicana del Caballo Bailador","article_modified_time":"2025-10-15T22:41:40+00:00","og_image":[{"width":1920,"height":1912,"url":"https:\/\/femexcaballobailador.com\/wp-content\/uploads\/2025\/09\/img-patrocinadores-FMCB1-min.png","type":"image\/png"}],"twitter_card":"summary_large_image","twitter_misc":{"Tiempo de lectura":"1 minuto"},"schema":{"@context":"https:\/\/schema.org","@graph":[{"@type":"WebPage","@id":"https:\/\/femexcaballobailador.com\/index.php\/patrocinadores\/","url":"https:\/\/femexcaballobailador.com\/index.php\/patrocinadores\/","name":"Patrocinadores - Federaci\u00f3n Mexicana del Caballo Bailador","isPartOf":{"@id":"https:\/\/femexcaballobailador.com\/#website"},"primaryImageOfPage":{"@id":"https:\/\/femexcaballobailador.com\/index.php\/patrocinadores\/#primaryimage"},"image":{"@id":"https:\/\/femexcaballobailador.com\/index.php\/patrocinadores\/#primaryimage"},"thumbnailUrl":"https:\/\/femexcaballobailador.com\/wp-content\/uploads\/2025\/09\/img-patrocinadores-FMCB1-min.png","datePublished":"2025-09-24T16:38:38+00:00","dateModified":"2025-10-15T22:41:40+00:00","breadcrumb":{"@id":"https:\/\/femexcaballobailador.com\/index.php\/patrocinadores\/#breadcrumb"},"inLanguage":"es","potentialAction":[{"@type":"ReadAction","target":["https:\/\/femexcaballobailador.com\/index.php\/patrocinadores\/"]}]},{"@type":"ImageObject","inLanguage":"es","@id":"https:\/\/femexcaballobailador.com\/index.php\/patrocinadores\/#primaryimage","url":"https:\/\/femexcaballobailador.com\/wp-content\/uploads\/2025\/09\/img-patrocinadores-FMCB1-min.png","contentUrl":"https:\/\/femexcaballobailador.com\/wp-content\/uploads\/2025\/09\/img-patrocinadores-FMCB1-min.png","width":1920,"height":1912},{"@type":"BreadcrumbList","@id":"https:\/\/femexcaballobailador.com\/index.php\/patrocinadores\/#breadcrumb","itemListElement":[{"@type":"ListItem","position":1,"name":"Inicio","item":"https:\/\/femexcaballobailador.com\/"},{"@type":"ListItem","position":2,"name":"Patrocinadores"}]},{"@type":"WebSite","@id":"https:\/\/femexcaballobailador.com\/#website","url":"https:\/\/femexcaballobailador.com\/","name":"Federaci\u00f3n Mexicana del Caballo Bailador","description":"","publisher":{"@id":"https:\/\/femexcaballobailador.com\/#organization"},"potentialAction":[{"@type":"SearchAction","target":{"@type":"EntryPoint","urlTemplate":"https:\/\/femexcaballobailador.com\/?s={search_term_string}"},"query-input":{"@type":"PropertyValueSpecification","valueRequired":true,"valueName":"search_term_string"}}],"inLanguage":"es"},{"@type":"Organization","@id":"https:\/\/femexcaballobailador.com\/#organization","name":"Federaci\u00f3n Mexicana del Caballo Bailador","url":"https:\/\/femexcaballobailador.com\/","logo":{"@type":"ImageObject","inLanguage":"es","@id":"https:\/\/femexcaballobailador.com\/#\/schema\/logo\/image\/","url":"https:\/\/femexcaballobailador.com\/wp-content\/uploads\/2025\/09\/logo-FMCB.png","contentUrl":"https:\/\/femexcaballobailador.com\/wp-content\/uploads\/2025\/09\/logo-FMCB.png","width":678,"height":720,"caption":"Federaci\u00f3n Mexicana del Caballo Bailador"},"image":{"@id":"https:\/\/femexcaballobailador.com\/#\/schema\/logo\/image\/"}}]}},"_links":{"self":[{"href":"https:\/\/femexcaballobailador.com\/index.php\/wp-json\/wp\/v2\/pages\/226","targetHints":{"allow":["GET"]}}],"collection":[{"href":"https:\/\/femexcaballobailador.com\/index.php\/wp-json\/wp\/v2\/pages"}],"about":[{"href":"https:\/\/femexcaballobailador.com\/index.php\/wp-json\/wp\/v2\/types\/page"}],"author":[{"embeddable":true,"href":"https:\/\/femexcaballobailador.com\/index.php\/wp-json\/wp\/v2\/users\/1"}],"replies":[{"embeddable":true,"href":"https:\/\/femexcaballobailador.com\/index.php\/wp-json\/wp\/v2\/comments?post=226"}],"version-history":[{"count":31,"href":"https:\/\/femexcaballobailador.com\/index.php\/wp-json\/wp\/v2\/pages\/226\/revisions"}],"predecessor-version":[{"id":469,"href":"https:\/\/femexcaballobailador.com\/index.php\/wp-json\/wp\/v2\/pages\/226\/revisions\/469"}],"wp:attachment":[{"href":"https:\/\/femexcaballobailador.com\/index.php\/wp-json\/wp\/v2\/media?parent=226"}],"curies":[{"name":"wp","href":"https:\/\/api.w.org\/{rel}","templated":true}]}}